{"id":2992,"date":"2019-08-27T10:55:27","date_gmt":"2019-08-27T08:55:27","guid":{"rendered":"https:\/\/www.hoteltignes-terrilblanc.com\/?page_id=2992"},"modified":"2019-10-16T19:08:23","modified_gmt":"2019-10-16T17:08:23","slug":"terms-of-sale","status":"publish","type":"page","link":"https:\/\/www.hoteltignes-terrilblanc.com\/en\/terms-of-sale\/","title":{"rendered":"Terms of sale"},"content":{"rendered":"\t\t<div data-elementor-type=\"wp-page\" data-elementor-id=\"2992\" class=\"elementor elementor-2992\">\n\t\t\t\t\t\t<section class=\"elementor-section elementor-top-section elementor-element elementor-element-249dae74 elementor-section-boxed elementor-section-height-default elementor-section-height-default\" data-id=\"249dae74\" data-element_type=\"section\" data-e-type=\"section\" data-settings=\"{&quot;hoteller_ext_is_background_parallax&quot;:&quot;false&quot;,&quot;hoteller_ext_is_background_backdrop&quot;:&quot;false&quot;,&quot;hoteller_ext_is_background_on_scroll&quot;:&quot;false&quot;}\">\n\t\t\t\t\t\t<div class=\"elementor-container elementor-column-gap-default\">\n\t\t\t\t\t<div class=\"elementor-column elementor-col-100 elementor-top-column elementor-element elementor-element-3cd46203\" data-id=\"3cd46203\" data-element_type=\"column\" data-e-type=\"column\" data-settings=\"{&quot;hoteller_ext_link_sidemenu&quot;:&quot;false&quot;,&quot;hoteller_ext_link_fullmenu&quot;:&quot;false&quot;,&quot;hoteller_ext_link_closed_fullmenu&quot;:&quot;false&quot;,&quot;hoteller_ext_is_scrollme&quot;:&quot;false&quot;,&quot;hoteller_ext_is_smoove&quot;:&quot;false&quot;,&quot;hoteller_ext_is_parallax_mouse&quot;:&quot;false&quot;,&quot;hoteller_ext_is_infinite&quot;:&quot;false&quot;,&quot;hoteller_ext_is_fadeout_animation&quot;:&quot;false&quot;,&quot;hoteller_ext_mobile_static&quot;:&quot;false&quot;}\">\n\t\t\t<div class=\"elementor-widget-wrap elementor-element-populated\">\n\t\t\t\t\t\t<div class=\"elementor-element elementor-element-2946f0b7 elementor-widget elementor-widget-text-editor\" data-id=\"2946f0b7\" data-element_type=\"widget\" data-e-type=\"widget\" data-settings=\"{&quot;hoteller_ext_link_sidemenu&quot;:&quot;false&quot;,&quot;hoteller_ext_link_fullmenu&quot;:&quot;false&quot;,&quot;hoteller_ext_link_closed_fullmenu&quot;:&quot;false&quot;,&quot;hoteller_ext_is_scrollme&quot;:&quot;false&quot;,&quot;hoteller_ext_is_smoove&quot;:&quot;false&quot;,&quot;hoteller_ext_is_parallax_mouse&quot;:&quot;false&quot;,&quot;hoteller_ext_is_infinite&quot;:&quot;false&quot;,&quot;hoteller_ext_is_fadeout_animation&quot;:&quot;false&quot;,&quot;hoteller_ext_mobile_static&quot;:&quot;false&quot;}\" data-widget_type=\"text-editor.default\">\n\t\t\t\t<div class=\"elementor-widget-container\">\n\t\t\t\t\t\t\t\t\t<p><\/p>\n<h2>R\u00e9servation :<\/h2>\n<p>Le versement d\u2019un acompte \u00e9quivalent \u00e0 25% du montant du s\u00e9jour sera demand\u00e9 pour confirmer la r\u00e9servation.<\/p>\n<h2>D\u00e9part &#8211; Arriv\u00e9e :<\/h2>\n<p>Le jour de l&#8217;arriv\u00e9e, les chambres seront pr\u00eates \u00e0 partir de 15 heures . Elles devront \u00eatre lib\u00e9r\u00e9es \u00e0 10 heures le jour du d\u00e9part. Nous tenons \u00e0 votre disposition une bagagerie. Nous ne sommes pas responsables des vols dans la bagagerie et dans le local \u00e0 ski.<\/p>\n<h2>Annulation :<\/h2>\n<p>En cas d\u2019annulation ou de no show (client non pr\u00e9sent le jour de l&#8217;arriv\u00e9e) d\u2019une r\u00e9servation garantie par le versement d\u2019un acompte, l\u2019h\u00f4tel conservera l\u2019int\u00e9gralit\u00e9 du montant vers\u00e9 lors de la r\u00e9servation,\u00a0 en vertu de l\u2019article 1590 du code civil. De m\u00eame, l&#8217;h\u00f4tel se r\u00e9serve la possibilit\u00e9 de conserver le montant correspondant au solde du s\u00e9jour, dans le cas o\u00f9 la chambre ne serait pas relou\u00e9e.<\/p>\n<h2>Suppl\u00e9ment :<\/h2>\n<p>Taxe de s\u00e9jour :\u00a0Conform\u00e9ment \u00e0 l&#8217;article L2333-31 du code g\u00e9n\u00e9ral des collectivit\u00e9s territoriales, les personnes mineures sont exempt\u00e9es de cette taxe. Le montant d\u00fb pour les personnes majeures est de\u00a0 : 0.99 euros par personne et par jour \u00e0 r\u00e9gler sur place.<\/p>\n<h2>Chambre non-fumeur :<\/h2>\n<p>Veuillez noter que toutes les chambres de notre \u00e9tablissement sont non fumeurs. En cas de non respect, les frais de remise en \u00e9tat de la chambre vous seront factur\u00e9s.\u00a0<\/p>\n<h2>Protection des donn\u00e9es :<\/h2>\n<p>Le respect de votre vie priv\u00e9e et la transparence\u00a0 comptent pour nous. Dans le cadre de l&#8217;entr\u00e9e en vigueur du RGPD, nous vous informons que nous collectons et conservons les donn\u00e9es que vous nous transmettez volontairement. <u><\/u>Que faisons-nous de vos donn\u00e9es ? Traitement de votre commande, envoi de communications relatives \u00e0 votre r\u00e9servation, personnalisation et optimisation de votre s\u00e9jour. <u><\/u><u><\/u>Vos donn\u00e9es sont-elles partag\u00e9es ? Vos donn\u00e9es sont partag\u00e9es avec les fournisseurs concern\u00e9s par votre commande (partenaires \u00e9ventuels dans le cadre de votre s\u00e9jour).<\/p>\n<p><\/p>\t\t\t\t\t\t\t\t<\/div>\n\t\t\t\t<\/div>\n\t\t\t\t\t<\/div>\n\t\t<\/div>\n\t\t\t\t\t<\/div>\n\t\t<\/section>\n\t\t\t\t<\/div>\n\t\t","protected":false},"excerpt":{"rendered":"<p>R\u00e9servation : Le versement d\u2019un acompte \u00e9quivalent \u00e0 25% du montant du s\u00e9jour sera demand\u00e9 pour confirmer la r\u00e9servation. D\u00e9part &#8211; Arriv\u00e9e : Le jour de l&#8217;arriv\u00e9e, les chambres seront pr\u00eates \u00e0 partir de 15 heures . Elles devront \u00eatre [&hellip;]<\/p>\n","protected":false},"author":1,"featured_media":0,"parent":0,"menu_order":0,"comment_status":"closed","ping_status":"closed","template":"","meta":{"footnotes":""},"class_list":["post-2992","page","type-page","status-publish","hentry"],"_links":{"self":[{"href":"https:\/\/www.hoteltignes-terrilblanc.com\/en\/wp-json\/wp\/v2\/pages\/2992","targetHints":{"allow":["GET"]}}],"collection":[{"href":"https:\/\/www.hoteltignes-terrilblanc.com\/en\/wp-json\/wp\/v2\/pages"}],"about":[{"href":"https:\/\/www.hoteltignes-terrilblanc.com\/en\/wp-json\/wp\/v2\/types\/page"}],"author":[{"embeddable":true,"href":"https:\/\/www.hoteltignes-terrilblanc.com\/en\/wp-json\/wp\/v2\/users\/1"}],"replies":[{"embeddable":true,"href":"https:\/\/www.hoteltignes-terrilblanc.com\/en\/wp-json\/wp\/v2\/comments?post=2992"}],"version-history":[{"count":5,"href":"https:\/\/www.hoteltignes-terrilblanc.com\/en\/wp-json\/wp\/v2\/pages\/2992\/revisions"}],"predecessor-version":[{"id":6916,"href":"https:\/\/www.hoteltignes-terrilblanc.com\/en\/wp-json\/wp\/v2\/pages\/2992\/revisions\/6916"}],"wp:attachment":[{"href":"https:\/\/www.hoteltignes-terrilblanc.com\/en\/wp-json\/wp\/v2\/media?parent=2992"}],"curies":[{"name":"wp","href":"https:\/\/api.w.org\/{rel}","templated":true}]}}